{"id":1817,"date":"2021-02-07T12:23:38","date_gmt":"2021-02-07T09:23:38","guid":{"rendered":"http:\/\/www.karahanoglu.com\/?page_id=1817"},"modified":"2021-02-07T22:44:08","modified_gmt":"2021-02-07T19:44:08","slug":"testimonials","status":"publish","type":"page","link":"http:\/\/www.karahanoglu.com\/index.php\/testimonials\/","title":{"rendered":"Testimonials"},"content":{"rendered":"\n<p><div class=\"row\"><div class=\"col-sm-6   \"><div class=\"testo\"><img decoding=\"async\" alt=\"\" src=\"http:\/\/www.karahanoglu.com\/wp-content\/uploads\/2021\/02\/Avatar-Users2_49.png\"><h4>Ayd\u0131n \u00d6.<span>Participant \/ TUSTIME Health Services<\/span><\/h4><p>\u201cOur teacher has a good command of his subject. The course was very useful. We got the answers to our questions. Thanks!&#8221; &#8211; Adobe Connect Training, 2015<\/p><\/div><\/p>\n\n\n\n<p><div class=\"testo\"><img decoding=\"async\" alt=\"\" src=\"http:\/\/www.karahanoglu.com\/wp-content\/uploads\/2021\/02\/Avatar-Users2_49.png\"><h4>Engin D.<span>Participant \/ TUSTIME Health Services<\/span><\/h4><p>\u201cBeyond our expectations, it was an atmosphere that affected learning very positively. We are very pleased.&#8221; &#8211; Adobe Connect Training, 2015<\/p><\/div><\/p>\n\n\n\n<p><div class=\"testo\"><img decoding=\"async\" alt=\"\" src=\"http:\/\/www.karahanoglu.com\/wp-content\/uploads\/2021\/02\/Avatar-Users2_14.png\"><h4>Nimet A.<span>Participant \/ TUSTIME Health Services<\/span><\/h4><p>\u201cHe is (the teacher) extremely knowledgeable and confident in his instructor subject. He explains the programs fondly and endearingly. In short, he is competent. Thank you, Teacher!&#8221; &#8211; Adobe Connect Training, 2015<\/p><\/div><\/p>\n\n\n\n<p><div class=\"testo\"><img decoding=\"async\" alt=\"\" src=\"http:\/\/www.karahanoglu.com\/wp-content\/uploads\/2021\/02\/Avatar-Users2_14.png\"><h4>G\u00fclfer \u015e.<span>Academician \/ Esenyurt University<\/span><\/h4><p>&#8220;I thank Mr. Cem for the training met our expectations.&#8221; &#8211; Adobe Connect Training, 2014<\/p><\/div><\/p>\n\n\n\n<p><div class=\"testo\"><img decoding=\"async\" alt=\"\" src=\"http:\/\/www.karahanoglu.com\/wp-content\/uploads\/2021\/02\/Avatar-Users2_49.png\"><h4>Prof. Dr. M\u00fcmin E.<span>Distance Learning Coordinator \/ Esenyurt University<\/span><\/h4><p>\u201c[He is] an experienced and extremely successful instructor. I sincerely congratulate him and his institution for having such an instructor.&#8221; &#8211; Adobe Connect Training, 2014<\/p><\/div><\/p>\n\n\n\n<p><div class=\"testo\"><img decoding=\"async\" alt=\"\" src=\"http:\/\/www.karahanoglu.com\/wp-content\/uploads\/2021\/02\/Avatar-Users2_49.png\"><h4>Okan G. U.<span>Academician \/ Ordu University<\/span><\/h4><p>\u201cIt was very good that the layout and flow of the training content was pre-planned. The positive and warm attitude of the educator made it easy for us to focus on the content.\u201d &#8211; Adobe Presenter Training, 2014<\/p><\/div><\/p>\n\n\n\n<p><div class=\"testo\"><img decoding=\"async\" alt=\"\" src=\"http:\/\/www.karahanoglu.com\/wp-content\/uploads\/2021\/02\/Avatar-Users2_49.png\"><h4>\u0130smail U. G.<span>Project Manager \/ GAP Regional Administration<\/span><\/h4><p>&#8220;The technical equipment of our instructor is quite sufficient \u2026 Very patient \u2026 An exemplary expert \u2026 It is understood from the approach of the instructor that you are a professional institution.&#8221; &#8211; Adobe Trainings, 2014<\/p><\/div><\/p>\n\n\n\n<p><div class=\"testo\"><img decoding=\"async\" alt=\"\" src=\"http:\/\/www.karahanoglu.com\/wp-content\/uploads\/2021\/02\/Avatar-Users2_14.png\"><h4>Selen \u00c7.<span>Unit Manager \/ \u0130stanbul K\u00fclt\u00fcr University<\/span><\/h4><p>\u201cThe instructor transferred his knowledge and experience to us in a very effective way.\u201d &#8211; Adobe Connect and Presenter Trainings, 2012<\/p><\/div><\/p>\n\n\n\n<p><div class=\"testo\"><img decoding=\"async\" alt=\"\" src=\"http:\/\/www.karahanoglu.com\/wp-content\/uploads\/2021\/02\/Avatar-Users2_14.png\"><h4>\u00d6zlem G.<span>Distant Learning Coordinator \/ Yeni Y\u00fczy\u0131l University<\/span><\/h4><p>\u201cThe instructor is exceedingly master of the subject and has technical knowledge due to produce solutions for needs.\u201d &#8211; Adobe Connect Training, September 2013<\/p><\/div><\/p>\n\n\n\n<p><div class=\"testo\"><img decoding=\"async\" alt=\"\" src=\"http:\/\/www.karahanoglu.com\/wp-content\/uploads\/2021\/02\/Avatar-Users2_49.png\"><h4>Adem B.<span>Participant \/ Private MEF Schools<\/span><\/h4><p>\u201cIt was a very productive training. I would like to take training again from Cem.\u201d &#8211; Adobe InDesign Training, August 2013<\/p><\/div><\/p>\n\n\n\n<p><div class=\"testo\"><img decoding=\"async\" alt=\"\" src=\"http:\/\/www.karahanoglu.com\/wp-content\/uploads\/2021\/02\/Avatar-Users2_49.png\"><h4>Kemal G.<span>Head of Computer Dept \/ MEF Schools<\/span><\/h4><p>\u201c[The trainer] gave clear answers to our questions. He encouraged the group in a positive way. He shared his resources with the participants. We thank you!&#8221; &#8211; Adobe InDesign Training, August 2013<\/p><\/div><\/p>\n\n\n\n<p><div class=\"testo\"><img decoding=\"async\" alt=\"\" src=\"http:\/\/www.karahanoglu.com\/wp-content\/uploads\/2021\/02\/Avatar-Users2_14.png\"><h4>Derya K.<span>Participant \/ Servier Pharmaceuticals and Research<\/span><\/h4><p>\u201c[He is] a positive, open communicator.\u201d &#8211; iSpring Suite Training, 2013<\/p><\/div><\/p>\n\n\n\n<p><div class=\"testo\"><img decoding=\"async\" alt=\"\" src=\"http:\/\/www.karahanoglu.com\/wp-content\/uploads\/2021\/02\/Avatar-Users2_49.png\"><h4>G\u00f6kmen B.<span>IT Executive \/ SGS Turkey<\/span><\/h4><p>\u201cOur instructor is very successful and gracious. We are very pleased to meet him.\u201d &#8211; Adobe Photoshop  an Illustrator Trainings, 2012<\/p><\/div><\/p>\n\n\n\n<p><div class=\"testo\"><img decoding=\"async\" alt=\"\" src=\"http:\/\/www.karahanoglu.com\/wp-content\/uploads\/2021\/02\/Avatar-Users2_14.png\"><h4>Nil\u00fcfer \u00c7.<span>Lecturer \/ K\u0131rklareli University<\/span><\/h4><p>\u201cWe had a very successful training process with a well-equipped instructor. We thank you.\u201d &#8211; Adobe eLearning Solutions Training Bootcamp, 2012<\/p><\/div><\/p>\n\n\n\n<p><div class=\"testo\"><img decoding=\"async\" alt=\"\" src=\"http:\/\/www.karahanoglu.com\/wp-content\/uploads\/2021\/02\/Avatar-Users2_49.png\"><h4>Adam A.<span>Educator \/ Private Ko\u00e7 Schools<\/span><\/h4><p>\u201cVery fun and useful training. Cem was very personable.\u201d &#8211; Adobe Photoshop Training, 2012<\/p><\/div><\/p>\n\n\n\n<p><div class=\"testo\"><img decoding=\"async\" alt=\"\" src=\"http:\/\/www.karahanoglu.com\/wp-content\/uploads\/2021\/02\/Avatar-Users2_14.png\"><h4>Augusta D.<span>French Teacher \/ Private Ko\u00e7 Schools<\/span><\/h4><p>\u201cVery pleasant instructor using good pace with a range of levels in our group.\u201d &#8211; Adobe Photoshop Training, 2012<\/p><\/div><\/p>\n\n\n\n<p><div class=\"testo\"><img decoding=\"async\" alt=\"\" src=\"http:\/\/www.karahanoglu.com\/wp-content\/uploads\/2021\/02\/Avatar-Users2_49.png\"><h4>Mehmet Y.<span>Theater Teacher \/ Private Ko\u00e7 Schools<\/span><\/h4><p>\u201cPositive approach of Cem continued during training. This approach has allowed us to follow the process with interest. I thank him for the patience and interest he showed us.\u201d &#8211; Adobe Photoshop Training, 2012<\/p><\/div><\/p>\n\n\n\n<p><div class=\"testo\"><img decoding=\"async\" alt=\"\" src=\"http:\/\/www.karahanoglu.com\/wp-content\/uploads\/2021\/02\/Avatar-Users2_49.png\"><h4>Mehmet S.<span>Academician \/ Gaziantep University<\/span><\/h4><p>\u201cIt was nice to get to know him (instructor). Actually, he can serve as a professional advisor (PA) to the universities.\u201d &#8211; Adobe Presenter Training, 2012<\/p><\/div><\/p>\n\n\n\n<p><div class=\"testo\"><img decoding=\"async\" alt=\"\" src=\"http:\/\/www.karahanoglu.com\/wp-content\/uploads\/2021\/02\/Avatar-Users2_14.png\"><h4>Sevilay \u015e.<span>Participant \/ Gaziantep University<\/span><\/h4><p>\u201cCem is very competent. He answered our questions at every level. He performed highly effective presentations. His communication with learners is at very high level. Always respectful and humorous\u2026\u201d &#8211; Adobe Presenter Training, 2012<\/p><\/div><\/p>\n\n\n\n<p><div class=\"testo\"><img decoding=\"async\" alt=\"\" src=\"http:\/\/www.karahanoglu.com\/wp-content\/uploads\/2021\/02\/Avatar-Users2_49.png\"><h4>Semih A.<span>Participant \/ Ministry of Forestry<\/span><\/h4><p>\u201cAn instructor who is master of his subjects, bona fide, and instructing one-to-one for the understanding of the subject with all its details.\u201d &#8211; Adobe Flash Professional Training, 2012<\/p><\/div><\/p>\n\n\n\n<p><\/div><div class=\"col-sm-6   \"><\/p>\n\n\n\n<p><div class=\"testo\"><img decoding=\"async\" alt=\"\" src=\"http:\/\/www.karahanoglu.com\/wp-content\/uploads\/2021\/02\/Avatar-Users2_49.png\"><h4>Fatih E.<span>Broadcaster \/ Radio Station Cihan<\/span><\/h4><p>\u201cThe technical knowledge and the solutions that the trainer suggests for the problems were very good.\u201d &#8211; Adobe Audition Training, 2012<\/p><\/div><\/p>\n\n\n\n<p><div class=\"testo\"><img decoding=\"async\" alt=\"\" src=\"http:\/\/www.karahanoglu.com\/wp-content\/uploads\/2021\/02\/Avatar-Users2_49.png\"><h4>Baybars A.<span>Businessan, Founder, Educator\/ Duelcom International<\/span><\/h4><p>\u201cI congratulate Cem from the heart. We had a very nice two days.\u201d &#8211; Adobe Connect Training, 2012<\/p><\/div><\/p>\n\n\n\n<p><div class=\"testo\"><img decoding=\"async\" alt=\"\" src=\"http:\/\/www.karahanoglu.com\/wp-content\/uploads\/2021\/02\/Avatar-Users2_49.png\"><h4>Serkan \u00d6.<span>Teacher \/ VKV Ko\u00e7 Private High School<\/span><\/h4><p>\u201cI had the opportunity to participate in different Adobe trainings before. However, this training I received was ahead of the others because it allowed the time to pass in the most effective and efficient way.&#8221; &#8211; Adobe Trainings, 2011<\/p><\/div><\/p>\n\n\n\n<p><div class=\"testo\"><img decoding=\"async\" alt=\"\" src=\"http:\/\/www.karahanoglu.com\/wp-content\/uploads\/2021\/02\/Avatar-Users2_49.png\"><h4>Fatih \u00dc.<span>Developer \/ \u00c7AYKUR<\/span><\/h4><p>\u201cThe more educated and experienced the trainer is, trainings become more educative. Fantastic!\u201d &#8211; Adobe Photoshop Training, 2011<\/p><\/div><\/p>\n\n\n\n<p><div class=\"testo\"><img decoding=\"async\" alt=\"\" src=\"http:\/\/www.karahanoglu.com\/wp-content\/uploads\/2021\/02\/Avatar-Users2_49.png\"><h4>Bar\u0131\u015f Y.<span>Educator \/ Private Ey\u00fcbo\u011flu Schools<\/span><\/h4><p>\u201cCem is an instructor who creates goal and object oriented solutions.\u201d &#8211; Adobe Photoshop Training, 2011<\/p><\/div><\/p>\n\n\n\n<p><div class=\"testo\"><img decoding=\"async\" alt=\"\" src=\"http:\/\/www.karahanoglu.com\/wp-content\/uploads\/2021\/02\/Avatar-Users2_49.png\"><h4>Kenan \u00c7.<span>Educator \/ Private Ey\u00fcbo\u011flu Schools<\/span><\/h4><p>\u201cThe instructor explained all in a very effective and permanent manner.\u201d &#8211; Adobe Photoshop Training, 2011<\/p><\/div><\/p>\n\n\n\n<p><div class=\"testo\"><img decoding=\"async\" alt=\"\" src=\"http:\/\/www.karahanoglu.com\/wp-content\/uploads\/2021\/02\/Avatar-Users2_49.png\"><h4>Cem B.<span>Participant \/ TAV Information Services<\/span><\/h4><p>\u201cThe content mastery and the class dominance of the instructor were at a high level.\u201d &#8211; Adobe Illustrator Training, 2011<\/p><\/div><\/p>\n\n\n\n<p><div class=\"testo\"><img decoding=\"async\" alt=\"\" src=\"http:\/\/www.karahanoglu.com\/wp-content\/uploads\/2021\/02\/Avatar-Users2_14.png\"><h4>Elif K.<span>Participant \/ TAV Information Services<\/span><\/h4><p>\u201cOur instructor explained the content of the training in a comprehensive manner, as well as he answered all our questions.\u201d &#8211; Adobe Photoshop Training, 2011<\/p><\/div><\/p>\n\n\n\n<p><div class=\"testo\"><img decoding=\"async\" alt=\"\" src=\"http:\/\/www.karahanoglu.com\/wp-content\/uploads\/2021\/02\/Avatar-Users2_14.png\"><h4>Sinem E.<span>Designer \/ Press-PR Dept of Istanbul Municipality<\/span><\/h4><p>\u201cWe took our trainings in a family environment thanks to the warm attitude of our instructor. Thanks for transferring your information to us with patience.\u201d &#8211; Adobe Photoshop Training, 2011<\/p><\/div><\/p>\n\n\n\n<p><div class=\"testo\"><img decoding=\"async\" alt=\"\" src=\"http:\/\/www.karahanoglu.com\/wp-content\/uploads\/2021\/02\/Avatar-Users2_49.png\"><h4>Tolga K.<span>Design Coordinator \/ Press-PR Dept of Istanbul Municipality<\/span><\/h4><p>\u201cOur instructor shared great secrets with a superb motivation. What wonderful things can be done with Photoshop we thought we knew?\u201d- Adobe Photoshop Training, 2011<\/p><\/div><\/p>\n\n\n\n<p><div class=\"testo\"><img decoding=\"async\" alt=\"\" src=\"http:\/\/www.karahanoglu.com\/wp-content\/uploads\/2021\/02\/Avatar-Users2_14.png\"><h4>Hatice D.<span>Layout Designer \/ General Directorate of EduTech<\/span><\/h4><p>\u201cOur teacher was very good in every aspect. He tried to give all the information to us in a short time. We thank you.\u201d &#8211; Adobe InDesign Training, 2011<\/p><\/div><\/p>\n\n\n\n<p><div class=\"testo\"><img decoding=\"async\" alt=\"\" src=\"http:\/\/www.karahanoglu.com\/wp-content\/uploads\/2021\/02\/Avatar-Users2_14.png\"><h4>Elif K. \u00d6.<span>EduTech Specialist \/ Private Ko\u00e7 Schools<\/span><\/h4><p>\u201cIt was a very enjoyable, instructive training. I would also like to mention that I wasn\u2019t bored in an adult education and found it really educative and enjoyable for the first time.\u201d &#8211; Design Trainings with Adobe Creative Suite, 2011<\/p><\/div><\/p>\n\n\n\n<p><div class=\"testo\"><img decoding=\"async\" alt=\"\" src=\"http:\/\/www.karahanoglu.com\/wp-content\/uploads\/2021\/02\/Avatar-Users2_14.png\"><h4>M\u00fcnevver A.<span>Administrative Assistant \/ Tema Ma\u011fazac\u0131l\u0131k<\/span><\/h4><p>\u201cI certainly think the training was very useful for my personal improvement. The explanations were quite clear. Thank you for this training and your contribution to us.\u201d &#8211; Adobe Illustrator Training, 2010<\/p><\/div><\/p>\n\n\n\n<p><div class=\"testo\"><img decoding=\"async\" alt=\"\" src=\"http:\/\/www.karahanoglu.com\/wp-content\/uploads\/2021\/02\/Avatar-Users2_14.png\"><h4>Ay\u015fe D.<span>System Support Specialist \/ Yurti\u00e7i Kargo<\/span><\/h4><p>\u201cI prepare training presentations with PowerPoint software. I saw that I was missing something before. It was very useful for me. The clear and fluent narration of the educator provided us with enough information. Thanks!\u201d &#8211; Microsoft PowerPoint and Adobe Presenter Training, 2010<\/p><\/div><\/p>\n\n\n\n<p><div class=\"testo\"><img decoding=\"async\" alt=\"\" src=\"http:\/\/www.karahanoglu.com\/wp-content\/uploads\/2021\/02\/Avatar-Users2_49.png\"><h4>Can A.<span>Training Consultant \/ OYAK-Renault<\/span><\/h4><p>\u201cThe instructor had a positive and helpful attitude.\u201d &#8211; Adobe Captivate Training, 2007<\/p><\/div><\/p>\n\n\n\n<p><div class=\"testo\"><img decoding=\"async\" alt=\"\" src=\"http:\/\/www.karahanoglu.com\/wp-content\/uploads\/2021\/02\/Avatar-Users2_14.png\"><h4>Deniz B. \u00c7.<span>Content Manager \/ Akhmet Yassawi University<\/span><\/h4><p>\u201cIt was a training course in an expected quality from an instructor I know.\u201d &#8211; Macromedia FreeHand Training, 2007 \/ \u201cThe instructor was highly relevant to his students. Trainings with him are enjoyable.\u201d &#8211; Macromedia Flash Training, 2007<\/p><\/div><\/p>\n\n\n\n<p><div class=\"testo\"><img decoding=\"async\" alt=\"\" src=\"http:\/\/www.karahanoglu.com\/wp-content\/uploads\/2021\/02\/Avatar-Users2_14.png\"><h4>Yasemin F. \u00d6.<span>Participant<\/span><\/h4><p>\u201cIt was an efficient training. The trainer was master of the subject. He answered to the questions patiently and immediately. He helped everyone to understand the subject by making detailed explanations.\u201d &#8211; Macromedia FreeHand Training, 2007<\/p><\/div><\/p>\n\n\n\n<p><div class=\"testo\"><img decoding=\"async\" alt=\"\" src=\"http:\/\/www.karahanoglu.com\/wp-content\/uploads\/2021\/02\/Avatar-Users2_49.png\"><h4>Cengiz B.<span>Training Manager \/ Turkish Airlines<\/span><\/h4><p>\u201cThe instructor is master of the subject and his narration is quite nice\u2026\u201d &#8211; Adobe Photoshop Training, 2007<\/p><\/div><\/p>\n\n\n\n<p><div class=\"testo\"><img decoding=\"async\" alt=\"\" src=\"http:\/\/www.karahanoglu.com\/wp-content\/uploads\/2021\/02\/Avatar-Users2_49.png\"><h4>Prof. Dr. M\u00fcmin E.<span>Distant Learning Coordinator \/ Beykent University<\/span><\/h4><p>\u201cThe instructor is an excellent person with his personality and knowledge. I congratulate your administration because employing him.\u201d &#8211; Adobe Connect Professional Training, 2007<\/p><\/div><\/p>\n\n\n\n<p><div class=\"testo\"><img decoding=\"async\" alt=\"\" src=\"http:\/\/www.karahanoglu.com\/wp-content\/uploads\/2021\/02\/Avatar-Users2_49.png\"><h4>Lokman \u0130.<span>Lecturer \/ Fatih University<\/span><\/h4><p>\u201cThe trainer has a very high level of knowledge about the information technology. I found his solution suggestions likely to be very successful. I thank you and your company.\u201d &#8211; Adobe eLearning Solutions Seminar, 2007<\/p><\/div><\/p>\n\n\n\n<p><\/div><br><\/div><\/p>\n","protected":false},"excerpt":{"rendered":"","protected":false},"author":1,"featured_media":0,"parent":0,"menu_order":0,"comment_status":"closed","ping_status":"closed","template":"","meta":{"footnotes":""},"class_list":["post-1817","page","type-page","status-publish","hentry"],"_links":{"self":[{"href":"http:\/\/www.karahanoglu.com\/index.php\/wp-json\/wp\/v2\/pages\/1817","targetHints":{"allow":["GET"]}}],"collection":[{"href":"http:\/\/www.karahanoglu.com\/index.php\/wp-json\/wp\/v2\/pages"}],"about":[{"href":"http:\/\/www.karahanoglu.com\/index.php\/wp-json\/wp\/v2\/types\/page"}],"author":[{"embeddable":true,"href":"http:\/\/www.karahanoglu.com\/index.php\/wp-json\/wp\/v2\/users\/1"}],"replies":[{"embeddable":true,"href":"http:\/\/www.karahanoglu.com\/index.php\/wp-json\/wp\/v2\/comments?post=1817"}],"version-history":[{"count":75,"href":"http:\/\/www.karahanoglu.com\/index.php\/wp-json\/wp\/v2\/pages\/1817\/revisions"}],"predecessor-version":[{"id":2186,"href":"http:\/\/www.karahanoglu.com\/index.php\/wp-json\/wp\/v2\/pages\/1817\/revisions\/2186"}],"wp:attachment":[{"href":"http:\/\/www.karahanoglu.com\/index.php\/wp-json\/wp\/v2\/media?parent=1817"}],"curies":[{"name":"wp","href":"https:\/\/api.w.org\/{rel}","templated":true}]}}